{"id":147,"date":"2026-03-19T21:01:22","date_gmt":"2026-03-19T20:01:22","guid":{"rendered":"https:\/\/jarovex.pl\/?page_id=147"},"modified":"2026-03-19T22:08:12","modified_gmt":"2026-03-19T21:08:12","slug":"uslugi","status":"publish","type":"page","link":"https:\/\/jarovex.pl\/index.php\/uslugi\/","title":{"rendered":"US\u0141UGI"},"content":{"rendered":"\n<figure class=\"wp-block-image alignleft size-large is-resized\"><img loading=\"lazy\" decoding=\"async\" width=\"1024\" height=\"340\" src=\"http:\/\/jarovex.pl\/wp-content\/uploads\/2026\/03\/\u041b\u043e\u0433\u043e-\u0431-\u2014-kopia-1024x340.jpg\" alt=\"\" class=\"wp-image-9\" style=\"aspect-ratio:3.0118873147695817;width:286px;height:auto\" srcset=\"https:\/\/jarovex.pl\/wp-content\/uploads\/2026\/03\/\u041b\u043e\u0433\u043e-\u0431-\u2014-kopia-1024x340.jpg 1024w, https:\/\/jarovex.pl\/wp-content\/uploads\/2026\/03\/\u041b\u043e\u0433\u043e-\u0431-\u2014-kopia-300x100.jpg 300w, https:\/\/jarovex.pl\/wp-content\/uploads\/2026\/03\/\u041b\u043e\u0433\u043e-\u0431-\u2014-kopia-768x255.jpg 768w, https:\/\/jarovex.pl\/wp-content\/uploads\/2026\/03\/\u041b\u043e\u0433\u043e-\u0431-\u2014-kopia.jpg 1102w\" sizes=\"auto, (max-width: 1024px) 100vw, 1024px\" \/><\/figure>\n\n\n<nav class=\"is-responsive items-justified-right alignwide wp-block-navigation is-content-justification-right is-layout-flex wp-container-core-navigation-is-layout-d445cf74 wp-block-navigation-is-layout-flex\" aria-label=\"Menu 2\" \n\t\t data-wp-interactive=\"core\/navigation\" data-wp-context='{\"overlayOpenedBy\":{\"click\":false,\"hover\":false,\"focus\":false},\"type\":\"overlay\",\"roleAttribute\":\"\",\"ariaLabel\":\"Menu\"}'><button aria-haspopup=\"dialog\" aria-label=\"Rozwi\u0144 menu\" class=\"wp-block-navigation__responsive-container-open\" \n\t\t\t\tdata-wp-on--click=\"actions.openMenuOnClick\"\n\t\t\t\tdata-wp-on--keydown=\"actions.handleMenuKeydown\"\n\t\t\t><svg width=\"24\" height=\"24\" xmlns=\"http:\/\/www.w3.org\/2000\/svg\" viewBox=\"0 0 24 24\" aria-hidden=\"true\" focusable=\"false\"><path d=\"M4 7.5h16v1.5H4z\"><\/path><path d=\"M4 15h16v1.5H4z\"><\/path><\/svg><\/button>\n\t\t\t\t<div class=\"wp-block-navigation__responsive-container\"  id=\"modal-1\" \n\t\t\t\tdata-wp-class--has-modal-open=\"state.isMenuOpen\"\n\t\t\t\tdata-wp-class--is-menu-open=\"state.isMenuOpen\"\n\t\t\t\tdata-wp-watch=\"callbacks.initMenu\"\n\t\t\t\tdata-wp-on--keydown=\"actions.handleMenuKeydown\"\n\t\t\t\tdata-wp-on--focusout=\"actions.handleMenuFocusout\"\n\t\t\t\ttabindex=\"-1\"\n\t\t\t>\n\t\t\t\t\t<div class=\"wp-block-navigation__responsive-close\" tabindex=\"-1\">\n\t\t\t\t\t\t<div class=\"wp-block-navigation__responsive-dialog\" \n\t\t\t\tdata-wp-bind--aria-modal=\"state.ariaModal\"\n\t\t\t\tdata-wp-bind--aria-label=\"state.ariaLabel\"\n\t\t\t\tdata-wp-bind--role=\"state.roleAttribute\"\n\t\t\t>\n\t\t\t\t\t\t\t<button aria-label=\"Zamknij menu\" class=\"wp-block-navigation__responsive-container-close\" \n\t\t\t\tdata-wp-on--click=\"actions.closeMenuOnClick\"\n\t\t\t><svg xmlns=\"http:\/\/www.w3.org\/2000\/svg\" viewBox=\"0 0 24 24\" width=\"24\" height=\"24\" aria-hidden=\"true\" focusable=\"false\"><path d=\"m13.06 12 6.47-6.47-1.06-1.06L12 10.94 5.53 4.47 4.47 5.53 10.94 12l-6.47 6.47 1.06 1.06L12 13.06l6.47 6.47 1.06-1.06L13.06 12Z\"><\/path><\/svg><\/button>\n\t\t\t\t\t\t\t<div class=\"wp-block-navigation__responsive-container-content\" \n\t\t\t\tdata-wp-watch=\"callbacks.focusFirstElement\"\n\t\t\t id=\"modal-1-content\">\n\t\t\t\t\t\t\t\t\n<div class=\"wp-block-buttons is-layout-flex wp-block-buttons-is-layout-flex\">\n<div class=\"wp-block-button\"><a class=\"wp-block-button__link wp-element-button\" href=\"https:\/\/jarovex.pl\/\"><strong>Strona g\u0142\u00f3wna<\/strong><\/a><\/div>\n<\/div>\n\n<div class=\"wp-block-buttons is-layout-flex wp-block-buttons-is-layout-flex\">\n<div class=\"wp-block-button\"><a class=\"wp-block-button__link wp-element-button\" href=\"https:\/\/jarovex.pl\/?page_id=147\"><strong>Us\u0142ugi<\/strong><\/a><\/div>\n<\/div>\n\n<div class=\"wp-block-buttons is-layout-flex wp-block-buttons-is-layout-flex\">\n<div class=\"wp-block-button\"><a class=\"wp-block-button__link wp-element-button\" href=\"https:\/\/jarovex.pl\/?page_id=152\"><strong>Realizacje<\/strong><\/a><\/div>\n<\/div>\n\n<div class=\"wp-block-buttons is-layout-flex wp-block-buttons-is-layout-flex\">\n<div class=\"wp-block-button\"><a class=\"wp-block-button__link wp-element-button\" href=\"https:\/\/jarovex.pl\/?page_id=151\"><strong>Praca<\/strong><\/a><\/div>\n<\/div>\n\n<div class=\"wp-block-buttons is-layout-flex wp-block-buttons-is-layout-flex\">\n<div class=\"wp-block-button\"><a class=\"wp-block-button__link wp-element-button\" href=\"https:\/\/jarovex.pl\/?page_id=149\"><strong>Kontakt<\/strong><\/a><\/div>\n<\/div>\n\n\t\t\t\t\t\t\t<\/div>\n\t\t\t\t\t\t<\/div>\n\t\t\t\t\t<\/div>\n\t\t\t\t<\/div><\/nav>\n\n\n<p><\/p>\n\n\n\n<p><\/p>\n\n\n\n<h3 class=\"wp-block-heading alignwide has-text-align-center has-background\" style=\"background:radial-gradient(rgb(6,147,227) 43%,rgb(155,81,224) 100%)\">JaroVex Elektro to Tw\u00f3j niezawodny partner w \u015bwiecie elektryki. Jako nowa firma z Jaworzna, \u0142\u0105czymy \u015bwie\u017ce spojrzenie z profesjonalizmem, oferuj\u0105c kompleksowe us\u0142ugi dla firm i inwestycji budowlanych. Dbamy o bezpiecze\u0144stwo, jako\u015b\u0107 i Twoje zadowolenie na ka\u017cdym etapie wsp\u00f3\u0142pracy.<\/h3>\n\n\n\n<div class=\"wp-block-cover alignwide is-light\" style=\"min-height:100vh;aspect-ratio:unset;\"><span aria-hidden=\"true\" class=\"wp-block-cover__background has-background-dim-100 has-background-dim\" style=\"background-color:#ffffff\"><\/span><div class=\"wp-block-cover__inner-container is-layout-flow wp-block-cover-is-layout-flow\">\n<div class=\"wp-block-media-text alignwide is-stacked-on-mobile is-vertically-aligned-center is-image-fill-element\" style=\"grid-template-columns:51% auto\"><figure class=\"wp-block-media-text__media\"><img decoding=\"async\" src=\"https:\/\/s.w.org\/images\/core\/5.8\/soil.jpg\" alt=\"Close-up of dried, cracked earth.\" style=\"object-position:50% 50%\"\/><\/figure><div class=\"wp-block-media-text__content\">\n<h2 class=\"wp-block-heading has-text-color\" style=\"color:#000000;font-size:clamp(20px, 1.25rem + ((1vw - 3.2px) * 1.25), 32px);\"><strong>Co mo\u017cemy dla Ciebie zrobi\u0107?<\/strong><\/h2>\n\n\n\n<p class=\"has-text-align-center has-text-color\" style=\"color:#000000;font-size:clamp(14px, 0.875rem + ((1vw - 3.2px) * 0.313), 17px);\">Nasza oferta obejmuje szeroki zakres prac elektrycznych. Niezale\u017cnie od tego, czy potrzebujesz nowej instalacji, modernizacji, czy pilnej naprawy \u2013 jeste\u015bmy gotowi, by sprosta\u0107 Twoim oczekiwaniom, mianowicie:<\/p>\n\n\n\n<p># monta\u017c, demonta\u017c i naprawa instalacji elektrycznych oraz urz\u0105dze\u0144 elektrycznych<\/p>\n\n\n\n<p># wykonywanie tras kablowych, okablowania, pod\u0142\u0105czanie rozdzielnic<\/p>\n\n\n\n<p># monta\u017c koryt kablowych<\/p>\n\n\n\n<p># prace rozbi\u00f3rkowe<\/p>\n\n\n\n<p># sprz\u0105tanie stanowiska pracy<\/p>\n\n\n\n<p class=\"has-text-color\" style=\"color:#000000;font-size:clamp(14px, 0.875rem + ((1vw - 3.2px) * 0.313), 17px);\"># itp.<\/p>\n\n\n\n<div class=\"wp-block-buttons is-layout-flex wp-block-buttons-is-layout-flex\"><\/div>\n<\/div><\/div>\n<\/div><\/div>\n\n\n\n\n\n<p><\/p>\n","protected":false},"excerpt":{"rendered":"<p>JaroVex Elektro to Tw\u00f3j niezawodny partner w \u015bwiecie elektryki. Jako nowa firma z Jaworzna, \u0142\u0105czymy \u015bwie\u017ce spojrzenie z profesjonalizmem, oferuj\u0105c kompleksowe us\u0142ugi dla firm i inwestycji budowlanych. Dbamy o bezpiecze\u0144stwo, jako\u015b\u0107 i Twoje zadowolenie na ka\u017cdym etapie wsp\u00f3\u0142pracy.<\/p>\n","protected":false},"author":1,"featured_media":0,"parent":0,"menu_order":0,"comment_status":"closed","ping_status":"closed","template":"","meta":{"footnotes":""},"class_list":["post-147","page","type-page","status-publish","hentry"],"_links":{"self":[{"href":"https:\/\/jarovex.pl\/index.php\/wp-json\/wp\/v2\/pages\/147","targetHints":{"allow":["GET"]}}],"collection":[{"href":"https:\/\/jarovex.pl\/index.php\/wp-json\/wp\/v2\/pages"}],"about":[{"href":"https:\/\/jarovex.pl\/index.php\/wp-json\/wp\/v2\/types\/page"}],"author":[{"embeddable":true,"href":"https:\/\/jarovex.pl\/index.php\/wp-json\/wp\/v2\/users\/1"}],"replies":[{"embeddable":true,"href":"https:\/\/jarovex.pl\/index.php\/wp-json\/wp\/v2\/comments?post=147"}],"version-history":[{"count":5,"href":"https:\/\/jarovex.pl\/index.php\/wp-json\/wp\/v2\/pages\/147\/revisions"}],"predecessor-version":[{"id":170,"href":"https:\/\/jarovex.pl\/index.php\/wp-json\/wp\/v2\/pages\/147\/revisions\/170"}],"wp:attachment":[{"href":"https:\/\/jarovex.pl\/index.php\/wp-json\/wp\/v2\/media?parent=147"}],"curies":[{"name":"wp","href":"https:\/\/api.w.org\/{rel}","templated":true}]}}