{"id":90,"date":"2026-03-19T15:27:53","date_gmt":"2026-03-19T14:27:53","guid":{"rendered":"https:\/\/jarovex.pl\/?page_id=90"},"modified":"2026-03-19T22:08:39","modified_gmt":"2026-03-19T21:08:39","slug":"90-2","status":"publish","type":"page","link":"https:\/\/jarovex.pl\/","title":{"rendered":"Hide Page Tree"},"content":{"rendered":"<nav class=\"is-responsive items-justified-right alignwide wp-block-navigation is-content-justification-right is-layout-flex wp-container-core-navigation-is-layout-d445cf74 wp-block-navigation-is-layout-flex\" aria-label=\"Menu 2\" \n\t\t data-wp-interactive=\"core\/navigation\" data-wp-context='{\"overlayOpenedBy\":{\"click\":false,\"hover\":false,\"focus\":false},\"type\":\"overlay\",\"roleAttribute\":\"\",\"ariaLabel\":\"Menu\"}'><button aria-haspopup=\"dialog\" aria-label=\"Rozwi\u0144 menu\" class=\"wp-block-navigation__responsive-container-open\" \n\t\t\t\tdata-wp-on--click=\"actions.openMenuOnClick\"\n\t\t\t\tdata-wp-on--keydown=\"actions.handleMenuKeydown\"\n\t\t\t><svg width=\"24\" height=\"24\" xmlns=\"http:\/\/www.w3.org\/2000\/svg\" viewBox=\"0 0 24 24\" aria-hidden=\"true\" focusable=\"false\"><path d=\"M4 7.5h16v1.5H4z\"><\/path><path d=\"M4 15h16v1.5H4z\"><\/path><\/svg><\/button>\n\t\t\t\t<div class=\"wp-block-navigation__responsive-container\"  id=\"modal-1\" \n\t\t\t\tdata-wp-class--has-modal-open=\"state.isMenuOpen\"\n\t\t\t\tdata-wp-class--is-menu-open=\"state.isMenuOpen\"\n\t\t\t\tdata-wp-watch=\"callbacks.initMenu\"\n\t\t\t\tdata-wp-on--keydown=\"actions.handleMenuKeydown\"\n\t\t\t\tdata-wp-on--focusout=\"actions.handleMenuFocusout\"\n\t\t\t\ttabindex=\"-1\"\n\t\t\t>\n\t\t\t\t\t<div class=\"wp-block-navigation__responsive-close\" tabindex=\"-1\">\n\t\t\t\t\t\t<div class=\"wp-block-navigation__responsive-dialog\" \n\t\t\t\tdata-wp-bind--aria-modal=\"state.ariaModal\"\n\t\t\t\tdata-wp-bind--aria-label=\"state.ariaLabel\"\n\t\t\t\tdata-wp-bind--role=\"state.roleAttribute\"\n\t\t\t>\n\t\t\t\t\t\t\t<button aria-label=\"Zamknij menu\" class=\"wp-block-navigation__responsive-container-close\" \n\t\t\t\tdata-wp-on--click=\"actions.closeMenuOnClick\"\n\t\t\t><svg xmlns=\"http:\/\/www.w3.org\/2000\/svg\" viewBox=\"0 0 24 24\" width=\"24\" height=\"24\" aria-hidden=\"true\" focusable=\"false\"><path d=\"m13.06 12 6.47-6.47-1.06-1.06L12 10.94 5.53 4.47 4.47 5.53 10.94 12l-6.47 6.47 1.06 1.06L12 13.06l6.47 6.47 1.06-1.06L13.06 12Z\"><\/path><\/svg><\/button>\n\t\t\t\t\t\t\t<div class=\"wp-block-navigation__responsive-container-content\" \n\t\t\t\tdata-wp-watch=\"callbacks.focusFirstElement\"\n\t\t\t id=\"modal-1-content\">\n\t\t\t\t\t\t\t\t\n<div class=\"wp-block-buttons is-layout-flex wp-block-buttons-is-layout-flex\">\n<div class=\"wp-block-button\"><a class=\"wp-block-button__link wp-element-button\" href=\"https:\/\/jarovex.pl\/\"><strong>Strona g\u0142\u00f3wna<\/strong><\/a><\/div>\n<\/div>\n\n<div class=\"wp-block-buttons is-layout-flex wp-block-buttons-is-layout-flex\">\n<div class=\"wp-block-button\"><a class=\"wp-block-button__link wp-element-button\" href=\"https:\/\/jarovex.pl\/?page_id=147\"><strong>Us\u0142ugi<\/strong><\/a><\/div>\n<\/div>\n\n<div class=\"wp-block-buttons is-layout-flex wp-block-buttons-is-layout-flex\">\n<div class=\"wp-block-button\"><a class=\"wp-block-button__link wp-element-button\" href=\"https:\/\/jarovex.pl\/?page_id=152\"><strong>Realizacje<\/strong><\/a><\/div>\n<\/div>\n\n<div class=\"wp-block-buttons is-layout-flex wp-block-buttons-is-layout-flex\">\n<div class=\"wp-block-button\"><a class=\"wp-block-button__link wp-element-button\" href=\"https:\/\/jarovex.pl\/?page_id=151\"><strong>Praca<\/strong><\/a><\/div>\n<\/div>\n\n<div class=\"wp-block-buttons is-layout-flex wp-block-buttons-is-layout-flex\">\n<div class=\"wp-block-button\"><a class=\"wp-block-button__link wp-element-button\" href=\"https:\/\/jarovex.pl\/?page_id=149\"><strong>Kontakt<\/strong><\/a><\/div>\n<\/div>\n\n\t\t\t\t\t\t\t<\/div>\n\t\t\t\t\t\t<\/div>\n\t\t\t\t\t<\/div>\n\t\t\t\t<\/div><\/nav>\n\n<figure class=\"alignwide wp-block-post-featured-image\"><img loading=\"lazy\" decoding=\"async\" width=\"1102\" height=\"366\" src=\"https:\/\/jarovex.pl\/wp-content\/uploads\/2026\/03\/\u041b\u043e\u0433\u043e-\u0431-\u2014-kopia.jpg\" class=\"attachment-post-thumbnail size-post-thumbnail wp-post-image\" alt=\"\" style=\"object-fit:cover;\" srcset=\"https:\/\/jarovex.pl\/wp-content\/uploads\/2026\/03\/\u041b\u043e\u0433\u043e-\u0431-\u2014-kopia.jpg 1102w, https:\/\/jarovex.pl\/wp-content\/uploads\/2026\/03\/\u041b\u043e\u0433\u043e-\u0431-\u2014-kopia-300x100.jpg 300w, https:\/\/jarovex.pl\/wp-content\/uploads\/2026\/03\/\u041b\u043e\u0433\u043e-\u0431-\u2014-kopia-1024x340.jpg 1024w, https:\/\/jarovex.pl\/wp-content\/uploads\/2026\/03\/\u041b\u043e\u0433\u043e-\u0431-\u2014-kopia-768x255.jpg 768w\" sizes=\"auto, (max-width: 1102px) 100vw, 1102px\" \/><\/figure>\n\n\n<div class=\"wp-block-group alignwide is-style-ext-preset--group--natural-1--section has-background-background-color has-background has-global-padding is-layout-constrained wp-container-core-group-is-layout-843e5a6d wp-block-group-is-layout-constrained\" style=\"margin-top:0;margin-bottom:0;padding-top:var(--wp--preset--spacing--70);padding-bottom:var(--wp--preset--spacing--70)\">\n<h1 class=\"wp-block-heading has-text-align-center ext-animate--on\"><strong><em>Tw\u00f3j pr\u0105d, nasza pasja!<\/em><\/strong><\/h1>\n\n\n\n<p class=\"has-text-align-center ext-animate--on\" style=\"margin-top:1.5rem\">Tutaj zaczyna si\u0119 nasza podr\u00f3\u017c. Poznaj nasz\u0105 dzia\u0142alno\u015b\u0107 i czym si\u0119 zajmujemy. Stawiamy na jako\u015b\u0107 i doskona\u0142\u0105 obs\u0142ug\u0119. Do\u0142\u0105cz do nas, gdy b\u0119dziemy si\u0119 rozwija\u0107 i wsp\u00f3lnie odnosi\u0107 sukcesy. Cieszymy si\u0119, \u017ce jeste\u015b tutaj i jeste\u015b cz\u0119\u015bci\u0105 naszej historii.<\/p>\n\n\n\n<p><\/p>\n\n\n\n<figure class=\"wp-block-image size-large is-style-ext-preset-image-natural-1-image-1--content-any is-style-ext-preset--image--natural-1--image-1--content-any ext-animate--on\"><img loading=\"lazy\" decoding=\"async\" width=\"1024\" height=\"683\" src=\"http:\/\/jarovex.pl\/wp-content\/uploads\/2026\/03\/\u041b\u043e\u0433\u043e-\u043e\u0434\u044f\u0433-1024x683.jpg\" alt=\"\" class=\"wp-image-36\" style=\"aspect-ratio:16\/9;object-fit:cover\" srcset=\"https:\/\/jarovex.pl\/wp-content\/uploads\/2026\/03\/\u041b\u043e\u0433\u043e-\u043e\u0434\u044f\u0433-1024x683.jpg 1024w, https:\/\/jarovex.pl\/wp-content\/uploads\/2026\/03\/\u041b\u043e\u0433\u043e-\u043e\u0434\u044f\u0433-300x200.jpg 300w, https:\/\/jarovex.pl\/wp-content\/uploads\/2026\/03\/\u041b\u043e\u0433\u043e-\u043e\u0434\u044f\u0433-768x512.jpg 768w, https:\/\/jarovex.pl\/wp-content\/uploads\/2026\/03\/\u041b\u043e\u0433\u043e-\u043e\u0434\u044f\u0433.jpg 1536w\" sizes=\"auto, (max-width: 1024px) 100vw, 1024px\" \/><\/figure>\n\n\n\n<p><\/p>\n\n\n\n<h2 class=\"wp-block-heading has-text-align-center\"><strong>Kr\u00f3tko o nas<\/strong><\/h2>\n\n\n\n<p class=\"has-text-align-center\">Jeste\u015bmy nowoczesn\u0105 firm\u0105 elektroinstalacyjn\u0105, kt\u00f3ra stawia na jako\u015b\u0107, bezpiecze\u0144stwo i niezawodno\u015b\u0107. Nasz zesp\u00f3\u0142 tworz\u0105 wykwalifikowani elektrycy z wieloletnim do\u015bwiadczeniem na polskim rynku. Specjalizujemy si\u0119 w kompleksowych rozwi\u0105zaniach elektrycznych.<\/p>\n<\/div>\n\n\n\n<div class=\"wp-block-columns alignwide is-layout-flex wp-container-core-columns-is-layout-d2da2050 wp-block-columns-is-layout-flex\" style=\"margin-bottom:0\">\n<div class=\"wp-block-column has-text-color has-background has-link-color wp-elements-319ec3b0ff52f9dd6648e05f6562a26f is-layout-flow wp-block-column-is-layout-flow\" style=\"color:#000000;background-color:#c0ebf1;padding-top:2em;padding-right:2em;padding-bottom:2em;padding-left:2em\">\n<h2 class=\"wp-block-heading has-text-align-center\" id=\"patron\" style=\"font-size:clamp(24.034px, 1.502rem + ((1vw - 3.2px) * 1.663), 40px);\"><strong>Co nas wyr\u00f3\u017cnia?<\/strong><\/h2>\n\n\n\n<hr class=\"wp-block-separator has-css-opacity is-style-wide\"\/>\n\n\n\n<ul class=\"wp-block-list has-normal-font-size\">\n<li><em><strong>Uprawnienia SEMP:<\/strong><\/em> Posiadamy pe\u0142ne uprawnienia eksploatacyjne i dozorowe, co gwarantuje wykonanie prac zgodnie z aktualnymi normami i przepisami prawa budowlanego.<\/li>\n\n\n\n<li><em><strong>Terminowo\u015b\u0107 i czysto\u015b\u0107:<\/strong><\/em> Szanujemy Tw\u00f3j czas. Zlecenia realizujemy w ustalonych terminach, pozostawiaj\u0105c po sobie porz\u0105dek.<\/li>\n\n\n\n<li><em><strong>Przejrzyste koszty:<\/strong><\/em> Oferujemy uczciw\u0105 wycen\u0119 bez ukrytych op\u0142at. Klient zawsze wie, za co p\u0142aci.<\/li>\n<\/ul>\n<\/div>\n\n\n\n<div class=\"wp-block-column has-text-color has-background has-link-color wp-elements-ecd267bfd8eb107951ecee73d83ee3ce is-layout-flow wp-block-column-is-layout-flow\" style=\"color:#000000;background-color:#ffe97d;padding-top:2em;padding-right:2em;padding-bottom:2em;padding-left:2em\">\n<h2 class=\"wp-block-heading has-text-align-center\" id=\"single\" style=\"font-size:clamp(24.034px, 1.502rem + ((1vw - 3.2px) * 1.663), 40px);\"><strong>Dlaczego warto nam zaufa\u0107?<\/strong><\/h2>\n\n\n\n<hr class=\"wp-block-separator has-text-color has-css-opacity has-background is-style-wide\" style=\"background-color:#000000;color:#000000\"\/>\n\n\n\n<ul class=\"wp-block-list has-normal-font-size\">\n<li>Wiemy, \u017ce sprawna instalacja elektryczna to fundament komfortu i bezpiecze\u0144stwa Twojej rodziny lub biznesu. Dlatego do ka\u017cdego zlecenia podchodzimy z najwy\u017csz\u0105 staranno\u015bci\u0105, dbaj\u0105c o najmniejsze detale.<\/li>\n\n\n\n<li>Jeste\u015bmy dumni z naszej zdolno\u015bci adaptacji i d\u0105\u017cenia do doskona\u0142o\u015bci w ka\u017cdym aspekcie naszych us\u0142ug. Zapoznaj si\u0119 z nasz\u0105 ofert\u0105 i przekonaj si\u0119, jak mo\u017cemy przyczyni\u0107 si\u0119 do Twojego sukcesu.<\/li>\n<\/ul>\n<\/div>\n<\/div>\n\n\n\n\n\n<p><\/p>\n","protected":false},"excerpt":{"rendered":"<p>Tw\u00f3j pr\u0105d, nasza pasja! Tutaj zaczyna si\u0119 nasza podr\u00f3\u017c. Poznaj nasz\u0105 dzia\u0142alno\u015b\u0107 i czym si\u0119 zajmujemy. Stawiamy na jako\u015b\u0107 i doskona\u0142\u0105 obs\u0142ug\u0119. Do\u0142\u0105cz do nas, gdy b\u0119dziemy si\u0119 rozwija\u0107 i wsp\u00f3lnie odnosi\u0107 sukcesy. Cieszymy si\u0119, \u017ce jeste\u015b tutaj i jeste\u015b cz\u0119\u015bci\u0105 naszej historii. Kr\u00f3tko o nas Jeste\u015bmy nowoczesn\u0105 firm\u0105 elektroinstalacyjn\u0105, kt\u00f3ra stawia na jako\u015b\u0107, bezpiecze\u0144stwo [&hellip;]<\/p>\n","protected":false},"author":1,"featured_media":9,"parent":0,"menu_order":0,"comment_status":"closed","ping_status":"closed","template":"","meta":{"footnotes":""},"class_list":["post-90","page","type-page","status-publish","has-post-thumbnail","hentry"],"_links":{"self":[{"href":"https:\/\/jarovex.pl\/index.php\/wp-json\/wp\/v2\/pages\/90","targetHints":{"allow":["GET"]}}],"collection":[{"href":"https:\/\/jarovex.pl\/index.php\/wp-json\/wp\/v2\/pages"}],"about":[{"href":"https:\/\/jarovex.pl\/index.php\/wp-json\/wp\/v2\/types\/page"}],"author":[{"embeddable":true,"href":"https:\/\/jarovex.pl\/index.php\/wp-json\/wp\/v2\/users\/1"}],"replies":[{"embeddable":true,"href":"https:\/\/jarovex.pl\/index.php\/wp-json\/wp\/v2\/comments?post=90"}],"version-history":[{"count":24,"href":"https:\/\/jarovex.pl\/index.php\/wp-json\/wp\/v2\/pages\/90\/revisions"}],"predecessor-version":[{"id":179,"href":"https:\/\/jarovex.pl\/index.php\/wp-json\/wp\/v2\/pages\/90\/revisions\/179"}],"wp:featuredmedia":[{"embeddable":true,"href":"https:\/\/jarovex.pl\/index.php\/wp-json\/wp\/v2\/media\/9"}],"wp:attachment":[{"href":"https:\/\/jarovex.pl\/index.php\/wp-json\/wp\/v2\/media?parent=90"}],"curies":[{"name":"wp","href":"https:\/\/api.w.org\/{rel}","templated":true}]}}